{"id":7345,"date":"2026-04-10T14:55:11","date_gmt":"2026-04-10T11:55:11","guid":{"rendered":"https:\/\/www.cc.puv.fi\/~e2502579\/wordpress\/?page_id=7345"},"modified":"2026-04-29T12:16:53","modified_gmt":"2026-04-29T09:16:53","slug":"akkreditointilomake","status":"publish","type":"page","link":"https:\/\/www.cc.puv.fi\/~e2502579\/wordpress\/akkreditointilomake\/","title":{"rendered":"Akkreditointilomake"},"content":{"rendered":"\t\t<div data-elementor-type=\"wp-page\" data-elementor-id=\"7345\" class=\"elementor elementor-7345\">\n\t\t\t\t<div class=\"elementor-element elementor-element-e276b0a e-con-full e-flex e-con e-parent\" data-id=\"e276b0a\" data-element_type=\"container\" data-e-type=\"container\" data-settings=\"{&quot;background_background&quot;:&quot;classic&quot;}\">\n\t\t\t\t<div class=\"elementor-element elementor-element-ae8f080 elementor-widget elementor-widget-heading\" data-id=\"ae8f080\" data-element_type=\"widget\" data-e-type=\"widget\" data-widget_type=\"heading.default\">\n\t\t\t\t<div class=\"elementor-widget-container\">\n\t\t\t\t\t<h1 class=\"elementor-heading-title elementor-size-default\">SEURA<\/h1>\t\t\t\t<\/div>\n\t\t\t\t<\/div>\n\t\t\t\t<\/div>\n\t\t<div class=\"elementor-element elementor-element-a378067 e-flex e-con-boxed e-con e-parent\" data-id=\"a378067\" data-element_type=\"container\" data-e-type=\"container\">\n\t\t\t\t\t<div class=\"e-con-inner\">\n\t\t\t\t<div class=\"elementor-element elementor-element-efbc08a elementor-widget elementor-widget-heading\" data-id=\"efbc08a\" data-element_type=\"widget\" data-e-type=\"widget\" data-widget_type=\"heading.default\">\n\t\t\t\t<div class=\"elementor-widget-container\">\n\t\t\t\t\t<h2 class=\"elementor-heading-title elementor-size-default\">Median akkreditointi<\/h2>\t\t\t\t<\/div>\n\t\t\t\t<\/div>\n\t\t\t\t<div class=\"elementor-element elementor-element-d8088ca elementor-widget elementor-widget-shortcode\" data-id=\"d8088ca\" data-element_type=\"widget\" data-e-type=\"widget\" data-widget_type=\"shortcode.default\">\n\t\t\t\t<div class=\"elementor-widget-container\">\n\t\t\t\t\t\t\t<div class=\"elementor-shortcode\"><style id=\"wpforms-css-vars-7350\">\n\t\t\t\t#wpforms-7350 {\n\t\t\t\t--wpforms-field-border-size: 1px;\n--wpforms-field-border-radius: 3px;\n--wpforms-field-border-color: rgba(0, 0, 0, 0.25);\n--wpforms-field-border-color-spare: rgba(0, 0, 0, 0.25);\n--wpforms-field-text-color: rgba(0, 0, 0, 0.7);\n--wpforms-label-color: rgba(0, 0, 0, 0.85);\n--wpforms-label-sublabel-color: rgba(0, 0, 0, 0.55);\n--wpforms-button-border-size: 1px;\n--wpforms-button-border-radius: 3px;\n--wpforms-container-padding: 0px;\n--wpforms-container-border-width: 1px;\n--wpforms-container-border-radius: 3px;\n--wpforms-background-color: rgba(0, 0, 0, 0);\n--wpforms-field-size-input-height: 43px;\n--wpforms-field-size-input-spacing: 15px;\n--wpforms-field-size-font-size: 16px;\n--wpforms-field-size-line-height: 19px;\n--wpforms-field-size-padding-h: 14px;\n--wpforms-field-size-checkbox-size: 16px;\n--wpforms-field-size-sublabel-spacing: 5px;\n--wpforms-field-size-icon-size: 1;\n--wpforms-label-size-font-size: 16px;\n--wpforms-label-size-line-height: 19px;\n--wpforms-label-size-sublabel-font-size: 14px;\n--wpforms-label-size-sublabel-line-height: 17px;\n--wpforms-button-size-font-size: 17px;\n--wpforms-button-size-height: 41px;\n--wpforms-button-size-padding-h: 15px;\n--wpforms-button-size-margin-top: 10px;\n--wpforms-container-shadow-size-box-shadow: none;\n\t\t\t}\n\t\t\t<\/style><div class=\"wpforms-container wpforms-container-full wpforms-render-modern\" id=\"wpforms-7350\"><form id=\"wpforms-form-7350\" class=\"wpforms-validate wpforms-form wpforms-ajax-form\" data-formid=\"7350\" method=\"post\" enctype=\"multipart\/form-data\" action=\"\/~e2502579\/wordpress\/wp-json\/wp\/v2\/pages\/7345\" data-token=\"dc063a49b81a2e3092a09b9c198950b2\" data-token-time=\"1778692859\"><noscript class=\"wpforms-error-noscript\">Please enable JavaScript in your browser to complete this form.<\/noscript><div id=\"wpforms-error-noscript\" style=\"display: none;\">Please enable JavaScript in your browser to complete this form.<\/div><div class=\"wpforms-field-container\"><div id=\"wpforms-7350-field_1-container\" class=\"wpforms-field wpforms-field-name\" data-field-id=\"1\"><label class=\"wpforms-field-label\" for=\"wpforms-7350-field_1\">Nimi: <span class=\"wpforms-required-label\" aria-hidden=\"true\">*<\/span><\/label><input type=\"text\" id=\"wpforms-7350-field_1\" class=\"wpforms-field-medium wpforms-field-required\" name=\"wpforms[fields][1]\" aria-errormessage=\"wpforms-7350-field_1-error\" required><\/div><div id=\"wpforms-7350-field_5-container\" class=\"wpforms-field wpforms-field-text\" data-field-id=\"5\"><label class=\"wpforms-field-label\" for=\"wpforms-7350-field_5\">Media: <span class=\"wpforms-required-label\" aria-hidden=\"true\">*<\/span><\/label><input type=\"text\" id=\"wpforms-7350-field_5\" class=\"wpforms-field-medium wpforms-field-required\" name=\"wpforms[fields][5]\" aria-errormessage=\"wpforms-7350-field_5-error\" required><\/div><div id=\"wpforms-7350-field_2-container\" class=\"wpforms-field wpforms-field-email\" data-field-id=\"2\"><label class=\"wpforms-field-label\" for=\"wpforms-7350-field_2\">S\u00e4hk\u00f6posti: <span class=\"wpforms-required-label\" aria-hidden=\"true\">*<\/span><\/label><input type=\"email\" id=\"wpforms-7350-field_2\" class=\"wpforms-field-medium wpforms-field-required\" name=\"wpforms[fields][2]\" spellcheck=\"false\" aria-errormessage=\"wpforms-7350-field_2-error\" required><\/div>\t\t<div id=\"wpforms-7350-field_4-container\"\n\t\t\tclass=\"wpforms-field wpforms-field-text\"\n\t\t\tdata-field-type=\"text\"\n\t\t\tdata-field-id=\"4\"\n\t\t\t>\n\t\t\t<label class=\"wpforms-field-label\" for=\"wpforms-7350-field_4\" >Nimi: puhelinnumero muut<\/label>\n\t\t\t<input type=\"text\" id=\"wpforms-7350-field_4\" class=\"wpforms-field-medium\" name=\"wpforms[fields][4]\" >\n\t\t<\/div>\n\t\t<div id=\"wpforms-7350-field_3-container\" class=\"wpforms-field wpforms-field-textarea\" data-field-id=\"3\"><label class=\"wpforms-field-label\" for=\"wpforms-7350-field_3\">Ottelu, puhelinnumero ja mahdolliset muut lis\u00e4tiedot: <span class=\"wpforms-required-label\" aria-hidden=\"true\">*<\/span><\/label><textarea id=\"wpforms-7350-field_3\" class=\"wpforms-field-medium wpforms-field-required\" name=\"wpforms[fields][3]\" aria-errormessage=\"wpforms-7350-field_3-error\" required><\/textarea><\/div><script>\n\t\t\t\t( function() {\n\t\t\t\t\tconst style = document.createElement( 'style' );\n\t\t\t\t\tstyle.appendChild( document.createTextNode( '#wpforms-7350-field_4-container { position: absolute !important; overflow: hidden !important; display: inline !important; height: 1px !important; width: 1px !important; z-index: -1000 !important; padding: 0 !important; } #wpforms-7350-field_4-container input { visibility: hidden; } #wpforms-conversational-form-page #wpforms-7350-field_4-container label { counter-increment: none; }' ) );\n\t\t\t\t\tdocument.head.appendChild( style );\n\t\t\t\t\tdocument.currentScript?.remove();\n\t\t\t\t} )();\n\t\t\t<\/script><\/div><!-- .wpforms-field-container --><div class=\"wpforms-submit-container\" ><input type=\"hidden\" name=\"wpforms[id]\" value=\"7350\"><input type=\"hidden\" name=\"page_title\" value=\"\"><input type=\"hidden\" name=\"page_url\" value=\"https:\/\/www.cc.puv.fi\/~e2502579\/wordpress\/wp-json\/wp\/v2\/pages\/7345\"><input type=\"hidden\" name=\"url_referer\" value=\"\"><button type=\"submit\" name=\"wpforms[submit]\" id=\"wpforms-submit-7350\" class=\"wpforms-submit\" data-alt-text=\"L\u00e4hett\u00e4\u00e4...\" data-submit-text=\"L\u00e4het\u00e4\" aria-live=\"assertive\" value=\"wpforms-submit\">L\u00e4het\u00e4<\/button><img decoding=\"async\" src=\"https:\/\/www.cc.puv.fi\/~e2502579\/wordpress\/wp-content\/plugins\/wpforms-lite\/assets\/images\/submit-spin.svg\" class=\"wpforms-submit-spinner\" style=\"display: none;\" width=\"26\" height=\"26\" alt=\"Loading\"><\/div><\/form><\/div>  <!-- .wpforms-container --><\/div>\n\t\t\t\t\t\t<\/div>\n\t\t\t\t<\/div>\n\t\t\t\t\t<\/div>\n\t\t\t\t<\/div>\n\t\t<div class=\"elementor-element elementor-element-1886637 e-flex e-con-boxed e-con e-parent\" data-id=\"1886637\" data-element_type=\"container\" data-e-type=\"container\">\n\t\t\t\t\t<div class=\"e-con-inner\">\n\t\t\t\t<div class=\"elementor-element elementor-element-b41ffd4 elementor-widget elementor-widget-html\" data-id=\"b41ffd4\" data-element_type=\"widget\" data-e-type=\"widget\" data-widget_type=\"html.default\">\n\t\t\t\t<div class=\"elementor-widget-container\">\n\t\t\t\t\t<script>\r\ndocument.addEventListener(\"DOMContentLoaded\", function() {\r\n    \/\/ 1. Jos ollaan muokkaustilassa, lopetetaan heti\r\n    if (document.body.classList.contains('elementor-editor-active')) return;\r\n\r\n    const sections = document.querySelectorAll('.elementor-section, .e-con');\r\n    \r\n    \/\/ 2. Luodaan tarkkailija\r\n    const observer = new IntersectionObserver((entries) => {\r\n        entries.forEach(entry => {\r\n            if (entry.isIntersecting) {\r\n                entry.target.classList.add('is-visible');\r\n            }\r\n        });\r\n    }, { \r\n        threshold: 0.05,\r\n        rootMargin: \"0px 0px -50px 0px\" \r\n    });\r\n\r\n    \/\/ 3. K\u00e4yd\u00e4\u00e4n osiot l\u00e4pi\r\n    sections.forEach((section, index) => {\r\n        \/\/ J\u00e4tet\u00e4\u00e4n ensimm\u00e4inen osio (Hero) kokonaan animaation ulkopuolelle\r\n        if (index === 0) {\r\n            section.classList.add('is-visible');\r\n            return;\r\n        }\r\n\r\n        \/\/ Lis\u00e4t\u00e4\u00e4n animaatioluokka ja aloitetaan tarkkailu\r\n        section.classList.add('scroll-valmis');\r\n        observer.observe(section);\r\n    });\r\n});\r\n<\/script>\t\t\t\t<\/div>\n\t\t\t\t<\/div>\n\t\t\t\t\t<\/div>\n\t\t\t\t<\/div>\n\t\t\t\t<\/div>\n\t\t","protected":false},"excerpt":{"rendered":"<p>SEURA Median akkreditointi<\/p>\n","protected":false},"author":4,"featured_media":0,"parent":0,"menu_order":0,"comment_status":"closed","ping_status":"closed","template":"","meta":{"site-sidebar-layout":"no-sidebar","site-content-layout":"","ast-site-content-layout":"full-width-container","site-content-style":"default","site-sidebar-style":"default","ast-global-header-display":"","ast-banner-title-visibility":"","ast-main-header-display":"","ast-hfb-above-header-display":"","ast-hfb-below-header-display":"","ast-hfb-mobile-header-display":"","site-post-title":"","ast-breadcrumbs-content":"","ast-featured-img":"disabled","footer-sml-layout":"","ast-disable-related-posts":"","theme-transparent-header-meta":"","adv-header-id-meta":"","stick-header-meta":"","header-above-stick-meta":"","header-main-stick-meta":"","header-below-stick-meta":"","astra-migrate-meta-layouts":"default","ast-page-background-enabled":"default","ast-page-background-meta":{"desktop":{"background-color":"var(--ast-global-color-4)","background-image":"","background-repeat":"repeat","background-position":"center center","background-size":"auto","background-attachment":"scroll","background-type":"","background-media":"","overlay-type":"","overlay-color":"","overlay-opacity":"","overlay-gradient":""},"tablet":{"background-color":"","background-image":"","background-repeat":"repeat","background-position":"center center","background-size":"auto","background-attachment":"scroll","background-type":"","background-media":"","overlay-type":"","overlay-color":"","overlay-opacity":"","overlay-gradient":""},"mobile":{"background-color":"","background-image":"","background-repeat":"repeat","background-position":"center center","background-size":"auto","background-attachment":"scroll","background-type":"","background-media":"","overlay-type":"","overlay-color":"","overlay-opacity":"","overlay-gradient":""}},"ast-content-background-meta":{"desktop":{"background-color":"var(--ast-global-color-5)","background-image":"","background-repeat":"repeat","background-position":"center center","background-size":"auto","background-attachment":"scroll","background-type":"","background-media":"","overlay-type":"","overlay-color":"","overlay-opacity":"","overlay-gradient":""},"tablet":{"background-color":"var(--ast-global-color-5)","background-image":"","background-repeat":"repeat","background-position":"center center","background-size":"auto","background-attachment":"scroll","background-type":"","background-media":"","overlay-type":"","overlay-color":"","overlay-opacity":"","overlay-gradient":""},"mobile":{"background-color":"var(--ast-global-color-5)","background-image":"","background-repeat":"repeat","background-position":"center center","background-size":"auto","background-attachment":"scroll","background-type":"","background-media":"","overlay-type":"","overlay-color":"","overlay-opacity":"","overlay-gradient":""}},"footnotes":""},"class_list":["post-7345","page","type-page","status-publish","hentry"],"_links":{"self":[{"href":"https:\/\/www.cc.puv.fi\/~e2502579\/wordpress\/wp-json\/wp\/v2\/pages\/7345","targetHints":{"allow":["GET"]}}],"collection":[{"href":"https:\/\/www.cc.puv.fi\/~e2502579\/wordpress\/wp-json\/wp\/v2\/pages"}],"about":[{"href":"https:\/\/www.cc.puv.fi\/~e2502579\/wordpress\/wp-json\/wp\/v2\/types\/page"}],"author":[{"embeddable":true,"href":"https:\/\/www.cc.puv.fi\/~e2502579\/wordpress\/wp-json\/wp\/v2\/users\/4"}],"replies":[{"embeddable":true,"href":"https:\/\/www.cc.puv.fi\/~e2502579\/wordpress\/wp-json\/wp\/v2\/comments?post=7345"}],"version-history":[{"count":40,"href":"https:\/\/www.cc.puv.fi\/~e2502579\/wordpress\/wp-json\/wp\/v2\/pages\/7345\/revisions"}],"predecessor-version":[{"id":9404,"href":"https:\/\/www.cc.puv.fi\/~e2502579\/wordpress\/wp-json\/wp\/v2\/pages\/7345\/revisions\/9404"}],"wp:attachment":[{"href":"https:\/\/www.cc.puv.fi\/~e2502579\/wordpress\/wp-json\/wp\/v2\/media?parent=7345"}],"curies":[{"name":"wp","href":"https:\/\/api.w.org\/{rel}","templated":true}]}}