{"id":7143,"date":"2026-04-09T13:10:10","date_gmt":"2026-04-09T10:10:10","guid":{"rendered":"https:\/\/www.cc.puv.fi\/~e2502579\/wordpress\/?page_id=7143"},"modified":"2026-04-28T11:31:14","modified_gmt":"2026-04-28T08:31:14","slug":"joukkueet","status":"publish","type":"page","link":"https:\/\/www.cc.puv.fi\/~e2502579\/wordpress\/joukkueet\/","title":{"rendered":"Joukkueet"},"content":{"rendered":"\t\t<div data-elementor-type=\"wp-page\" data-elementor-id=\"7143\" class=\"elementor elementor-7143\">\n\t\t\t\t<div class=\"elementor-element elementor-element-a73a0ab e-con-full e-flex e-con e-parent\" data-id=\"a73a0ab\" data-element_type=\"container\" data-e-type=\"container\" data-settings=\"{&quot;background_background&quot;:&quot;classic&quot;}\">\n\t\t\t\t<div class=\"elementor-element elementor-element-42abb81 elementor-widget elementor-widget-heading\" data-id=\"42abb81\" data-element_type=\"widget\" data-e-type=\"widget\" data-settings=\"{&quot;_animation&quot;:&quot;none&quot;}\" data-widget_type=\"heading.default\">\n\t\t\t\t<div class=\"elementor-widget-container\">\n\t\t\t\t\t<h1 class=\"elementor-heading-title elementor-size-default\">JOUKKUEET<\/h1>\t\t\t\t<\/div>\n\t\t\t\t<\/div>\n\t\t\t\t<\/div>\n\t\t<div class=\"elementor-element elementor-element-2dc739c e-grid e-con-boxed e-con e-parent\" data-id=\"2dc739c\" data-element_type=\"container\" data-e-type=\"container\">\n\t\t\t\t\t<div class=\"e-con-inner\">\n\t\t\t\t<div class=\"elementor-element elementor-element-f3b99c5 elementor-position-top elementor-widget elementor-widget-image-box\" data-id=\"f3b99c5\" data-element_type=\"widget\" data-e-type=\"widget\" data-widget_type=\"image-box.default\">\n\t\t\t\t<div class=\"elementor-widget-container\">\n\t\t\t\t\t<div class=\"elementor-image-box-wrapper\"><figure class=\"elementor-image-box-img\"><img fetchpriority=\"high\" decoding=\"async\" width=\"1024\" height=\"576\" src=\"https:\/\/www.cc.puv.fi\/~e2502579\/wordpress\/wp-content\/uploads\/2026\/04\/Mail_JoMa_1920x1080-1024x576.jpg\" class=\"elementor-animation-sink attachment-large size-large wp-image-8754\" alt=\"Mailattaret Naisten Superpesis\" srcset=\"https:\/\/www.cc.puv.fi\/~e2502579\/wordpress\/wp-content\/uploads\/2026\/04\/Mail_JoMa_1920x1080-1024x576.jpg 1024w, https:\/\/www.cc.puv.fi\/~e2502579\/wordpress\/wp-content\/uploads\/2026\/04\/Mail_JoMa_1920x1080-300x169.jpg 300w, https:\/\/www.cc.puv.fi\/~e2502579\/wordpress\/wp-content\/uploads\/2026\/04\/Mail_JoMa_1920x1080-768x432.jpg 768w, https:\/\/www.cc.puv.fi\/~e2502579\/wordpress\/wp-content\/uploads\/2026\/04\/Mail_JoMa_1920x1080-1536x864.jpg 1536w, https:\/\/www.cc.puv.fi\/~e2502579\/wordpress\/wp-content\/uploads\/2026\/04\/Mail_JoMa_1920x1080.jpg 1920w\" sizes=\"(max-width: 1024px) 100vw, 1024px\" \/><\/figure><div class=\"elementor-image-box-content\"><h2 class=\"elementor-image-box-title\">Naisten Superpesis<\/h2><\/div><\/div>\t\t\t\t<\/div>\n\t\t\t\t<\/div>\n\t\t\t\t<div class=\"elementor-element elementor-element-23461b7 elementor-position-top elementor-widget elementor-widget-image-box\" data-id=\"23461b7\" data-element_type=\"widget\" data-e-type=\"widget\" data-widget_type=\"image-box.default\">\n\t\t\t\t<div class=\"elementor-widget-container\">\n\t\t\t\t\t<div class=\"elementor-image-box-wrapper\"><figure class=\"elementor-image-box-img\"><img decoding=\"async\" width=\"1024\" height=\"576\" src=\"https:\/\/www.cc.puv.fi\/~e2502579\/wordpress\/wp-content\/uploads\/2026\/04\/mailattaret-b-1024x576.jpg\" class=\"elementor-animation-sink attachment-large size-large wp-image-8321\" alt=\"Mailattaret Naisten Suomensarja ja Tytt\u00f6jen Superpesis\" srcset=\"https:\/\/www.cc.puv.fi\/~e2502579\/wordpress\/wp-content\/uploads\/2026\/04\/mailattaret-b-1024x576.jpg 1024w, https:\/\/www.cc.puv.fi\/~e2502579\/wordpress\/wp-content\/uploads\/2026\/04\/mailattaret-b-300x169.jpg 300w, https:\/\/www.cc.puv.fi\/~e2502579\/wordpress\/wp-content\/uploads\/2026\/04\/mailattaret-b-768x432.jpg 768w, https:\/\/www.cc.puv.fi\/~e2502579\/wordpress\/wp-content\/uploads\/2026\/04\/mailattaret-b-1536x864.jpg 1536w, https:\/\/www.cc.puv.fi\/~e2502579\/wordpress\/wp-content\/uploads\/2026\/04\/mailattaret-b.jpg 1920w\" sizes=\"(max-width: 1024px) 100vw, 1024px\" \/><\/figure><div class=\"elementor-image-box-content\"><h2 class=\"elementor-image-box-title\">Naisten Suomensarja<\/h2><\/div><\/div>\t\t\t\t<\/div>\n\t\t\t\t<\/div>\n\t\t\t\t<div class=\"elementor-element elementor-element-8aa9d92 elementor-position-top elementor-widget elementor-widget-image-box\" data-id=\"8aa9d92\" data-element_type=\"widget\" data-e-type=\"widget\" data-widget_type=\"image-box.default\">\n\t\t\t\t<div class=\"elementor-widget-container\">\n\t\t\t\t\t<div class=\"elementor-image-box-wrapper\"><figure class=\"elementor-image-box-img\"><img decoding=\"async\" width=\"1024\" height=\"576\" src=\"https:\/\/www.cc.puv.fi\/~e2502579\/wordpress\/wp-content\/uploads\/2026\/04\/mailattaret-b-1024x576.jpg\" class=\"elementor-animation-sink attachment-large size-large wp-image-8321\" alt=\"Mailattaret Naisten Suomensarja ja Tytt\u00f6jen Superpesis\" srcset=\"https:\/\/www.cc.puv.fi\/~e2502579\/wordpress\/wp-content\/uploads\/2026\/04\/mailattaret-b-1024x576.jpg 1024w, https:\/\/www.cc.puv.fi\/~e2502579\/wordpress\/wp-content\/uploads\/2026\/04\/mailattaret-b-300x169.jpg 300w, https:\/\/www.cc.puv.fi\/~e2502579\/wordpress\/wp-content\/uploads\/2026\/04\/mailattaret-b-768x432.jpg 768w, https:\/\/www.cc.puv.fi\/~e2502579\/wordpress\/wp-content\/uploads\/2026\/04\/mailattaret-b-1536x864.jpg 1536w, https:\/\/www.cc.puv.fi\/~e2502579\/wordpress\/wp-content\/uploads\/2026\/04\/mailattaret-b.jpg 1920w\" sizes=\"(max-width: 1024px) 100vw, 1024px\" \/><\/figure><div class=\"elementor-image-box-content\"><h2 class=\"elementor-image-box-title\">Tytt\u00f6jen Superpesis<\/h2><\/div><\/div>\t\t\t\t<\/div>\n\t\t\t\t<\/div>\n\t\t\t\t<div class=\"elementor-element elementor-element-ef8ad2e elementor-position-top elementor-widget elementor-widget-image-box\" data-id=\"ef8ad2e\" data-element_type=\"widget\" data-e-type=\"widget\" data-widget_type=\"image-box.default\">\n\t\t\t\t<div class=\"elementor-widget-container\">\n\t\t\t\t\t<div class=\"elementor-image-box-wrapper\"><figure class=\"elementor-image-box-img\"><a href=\"https:\/\/www.vaasanmaila.fi\/joukkueet\/\" target=\"_blank\" tabindex=\"-1\" rel=\"noopener\"><img decoding=\"async\" width=\"1024\" height=\"683\" src=\"https:\/\/www.cc.puv.fi\/~e2502579\/wordpress\/wp-content\/uploads\/2026\/04\/vaasanmaila_2000x1334-1024x683.png\" class=\"elementor-animation-sink attachment-large size-large wp-image-7825\" alt=\"Vaasan Mailan Juniorit\" srcset=\"https:\/\/www.cc.puv.fi\/~e2502579\/wordpress\/wp-content\/uploads\/2026\/04\/vaasanmaila_2000x1334-1024x683.png 1024w, https:\/\/www.cc.puv.fi\/~e2502579\/wordpress\/wp-content\/uploads\/2026\/04\/vaasanmaila_2000x1334-300x200.png 300w, https:\/\/www.cc.puv.fi\/~e2502579\/wordpress\/wp-content\/uploads\/2026\/04\/vaasanmaila_2000x1334-768x512.png 768w, https:\/\/www.cc.puv.fi\/~e2502579\/wordpress\/wp-content\/uploads\/2026\/04\/vaasanmaila_2000x1334-1536x1025.png 1536w, https:\/\/www.cc.puv.fi\/~e2502579\/wordpress\/wp-content\/uploads\/2026\/04\/vaasanmaila_2000x1334.png 2000w\" sizes=\"(max-width: 1024px) 100vw, 1024px\" \/><\/a><\/figure><div class=\"elementor-image-box-content\"><h2 class=\"elementor-image-box-title\"><a href=\"https:\/\/www.vaasanmaila.fi\/joukkueet\/\" target=\"_blank\" rel=\"noopener\">G-D-tyt\u00f6t<\/a><\/h2><\/div><\/div>\t\t\t\t<\/div>\n\t\t\t\t<\/div>\n\t\t\t\t\t<\/div>\n\t\t\t\t<\/div>\n\t\t<div class=\"elementor-element elementor-element-4d856b1 e-flex e-con-boxed e-con e-parent\" data-id=\"4d856b1\" data-element_type=\"container\" data-e-type=\"container\">\n\t\t\t\t\t<div class=\"e-con-inner\">\n\t\t\t\t<div class=\"elementor-element elementor-element-4e7de20 elementor-widget elementor-widget-html\" data-id=\"4e7de20\" data-element_type=\"widget\" data-e-type=\"widget\" data-widget_type=\"html.default\">\n\t\t\t\t<div class=\"elementor-widget-container\">\n\t\t\t\t\t<script>\r\ndocument.addEventListener(\"DOMContentLoaded\", function() {\r\n    \/\/ 1. Jos ollaan muokkaustilassa, lopetetaan heti\r\n    if (document.body.classList.contains('elementor-editor-active')) return;\r\n\r\n    const sections = document.querySelectorAll('.elementor-section, .e-con');\r\n    \r\n    \/\/ 2. Luodaan tarkkailija\r\n    const observer = new IntersectionObserver((entries) => {\r\n        entries.forEach(entry => {\r\n            if (entry.isIntersecting) {\r\n                entry.target.classList.add('is-visible');\r\n            }\r\n        });\r\n    }, { \r\n        threshold: 0.05,\r\n        rootMargin: \"0px 0px -50px 0px\" \r\n    });\r\n\r\n    \/\/ 3. K\u00e4yd\u00e4\u00e4n osiot l\u00e4pi\r\n    sections.forEach((section, index) => {\r\n        \/\/ J\u00e4tet\u00e4\u00e4n ensimm\u00e4inen osio (Hero) kokonaan animaation ulkopuolelle\r\n        if (index === 0) {\r\n            section.classList.add('is-visible');\r\n            return;\r\n        }\r\n\r\n        \/\/ Lis\u00e4t\u00e4\u00e4n animaatioluokka ja aloitetaan tarkkailu\r\n        section.classList.add('scroll-valmis');\r\n        observer.observe(section);\r\n    });\r\n});\r\n<\/script>\t\t\t\t<\/div>\n\t\t\t\t<\/div>\n\t\t\t\t\t<\/div>\n\t\t\t\t<\/div>\n\t\t\t\t<\/div>\n\t\t","protected":false},"excerpt":{"rendered":"<p>JOUKKUEET Naisten Superpesis Naisten Suomensarja Tytt\u00f6jen Superpesis G-D-tyt\u00f6t<\/p>\n","protected":false},"author":1,"featured_media":0,"parent":0,"menu_order":0,"comment_status":"closed","ping_status":"closed","template":"","meta":{"site-sidebar-layout":"no-sidebar","site-content-layout":"","ast-site-content-layout":"full-width-container","site-content-style":"default","site-sidebar-style":"default","ast-global-header-display":"","ast-banner-title-visibility":"","ast-main-header-display":"","ast-hfb-above-header-display":"","ast-hfb-below-header-display":"","ast-hfb-mobile-header-display":"","site-post-title":"","ast-breadcrumbs-content":"","ast-featured-img":"disabled","footer-sml-layout":"","ast-disable-related-posts":"","theme-transparent-header-meta":"","adv-header-id-meta":"","stick-header-meta":"","header-above-stick-meta":"","header-main-stick-meta":"","header-below-stick-meta":"","astra-migrate-meta-layouts":"default","ast-page-background-enabled":"default","ast-page-background-meta":{"desktop":{"background-color":"var(--ast-global-color-4)","background-image":"","background-repeat":"repeat","background-position":"center center","background-size":"auto","background-attachment":"scroll","background-type":"","background-media":"","overlay-type":"","overlay-color":"","overlay-opacity":"","overlay-gradient":""},"tablet":{"background-color":"","background-image":"","background-repeat":"repeat","background-position":"center center","background-size":"auto","background-attachment":"scroll","background-type":"","background-media":"","overlay-type":"","overlay-color":"","overlay-opacity":"","overlay-gradient":""},"mobile":{"background-color":"","background-image":"","background-repeat":"repeat","background-position":"center center","background-size":"auto","background-attachment":"scroll","background-type":"","background-media":"","overlay-type":"","overlay-color":"","overlay-opacity":"","overlay-gradient":""}},"ast-content-background-meta":{"desktop":{"background-color":"var(--ast-global-color-5)","background-image":"","background-repeat":"repeat","background-position":"center center","background-size":"auto","background-attachment":"scroll","background-type":"","background-media":"","overlay-type":"","overlay-color":"","overlay-opacity":"","overlay-gradient":""},"tablet":{"background-color":"var(--ast-global-color-5)","background-image":"","background-repeat":"repeat","background-position":"center center","background-size":"auto","background-attachment":"scroll","background-type":"","background-media":"","overlay-type":"","overlay-color":"","overlay-opacity":"","overlay-gradient":""},"mobile":{"background-color":"var(--ast-global-color-5)","background-image":"","background-repeat":"repeat","background-position":"center center","background-size":"auto","background-attachment":"scroll","background-type":"","background-media":"","overlay-type":"","overlay-color":"","overlay-opacity":"","overlay-gradient":""}},"footnotes":""},"class_list":["post-7143","page","type-page","status-publish","hentry"],"_links":{"self":[{"href":"https:\/\/www.cc.puv.fi\/~e2502579\/wordpress\/wp-json\/wp\/v2\/pages\/7143","targetHints":{"allow":["GET"]}}],"collection":[{"href":"https:\/\/www.cc.puv.fi\/~e2502579\/wordpress\/wp-json\/wp\/v2\/pages"}],"about":[{"href":"https:\/\/www.cc.puv.fi\/~e2502579\/wordpress\/wp-json\/wp\/v2\/types\/page"}],"author":[{"embeddable":true,"href":"https:\/\/www.cc.puv.fi\/~e2502579\/wordpress\/wp-json\/wp\/v2\/users\/1"}],"replies":[{"embeddable":true,"href":"https:\/\/www.cc.puv.fi\/~e2502579\/wordpress\/wp-json\/wp\/v2\/comments?post=7143"}],"version-history":[{"count":82,"href":"https:\/\/www.cc.puv.fi\/~e2502579\/wordpress\/wp-json\/wp\/v2\/pages\/7143\/revisions"}],"predecessor-version":[{"id":9338,"href":"https:\/\/www.cc.puv.fi\/~e2502579\/wordpress\/wp-json\/wp\/v2\/pages\/7143\/revisions\/9338"}],"wp:attachment":[{"href":"https:\/\/www.cc.puv.fi\/~e2502579\/wordpress\/wp-json\/wp\/v2\/media?parent=7143"}],"curies":[{"name":"wp","href":"https:\/\/api.w.org\/{rel}","templated":true}]}}