{"id":4701,"date":"2026-03-16T16:09:42","date_gmt":"2026-03-16T14:09:42","guid":{"rendered":"https:\/\/www.cc.puv.fi\/~e2502579\/wordpress\/?page_id=4701"},"modified":"2026-04-28T12:44:11","modified_gmt":"2026-04-28T09:44:11","slug":"superpesis","status":"publish","type":"page","link":"https:\/\/www.cc.puv.fi\/~e2502579\/wordpress\/superpesis\/","title":{"rendered":"Superpesis"},"content":{"rendered":"\t\t<div data-elementor-type=\"wp-page\" data-elementor-id=\"4701\" class=\"elementor elementor-4701\">\n\t\t\t\t<div class=\"elementor-element elementor-element-d731c29 e-flex e-con-boxed e-con e-parent\" data-id=\"d731c29\" data-element_type=\"container\" data-e-type=\"container\">\n\t\t\t\t\t<div class=\"e-con-inner\">\n\t\t\t\t<div class=\"elementor-element elementor-element-f6f2dee elementor-widget elementor-widget-heading\" data-id=\"f6f2dee\" data-element_type=\"widget\" data-e-type=\"widget\" data-widget_type=\"heading.default\">\n\t\t\t\t<div class=\"elementor-widget-container\">\n\t\t\t\t\t<h1 class=\"elementor-heading-title elementor-size-default\">SUPERPESIS<\/h1>\t\t\t\t<\/div>\n\t\t\t\t<\/div>\n\t\t\t\t\t<\/div>\n\t\t\t\t<\/div>\n\t\t<div class=\"elementor-element elementor-element-ed11301 e-flex e-con-boxed e-con e-parent\" data-id=\"ed11301\" data-element_type=\"container\" data-e-type=\"container\" data-settings=\"{&quot;background_background&quot;:&quot;classic&quot;}\">\n\t\t\t\t\t<div class=\"e-con-inner\">\n\t\t\t\t<div class=\"elementor-element elementor-element-b489f9d elementor-widget elementor-widget-image\" data-id=\"b489f9d\" data-element_type=\"widget\" data-e-type=\"widget\" data-widget_type=\"image.default\">\n\t\t\t\t<div class=\"elementor-widget-container\">\n\t\t\t\t\t\t\t\t\t\t\t\t\t\t\t<img fetchpriority=\"high\" decoding=\"async\" width=\"1024\" height=\"683\" src=\"https:\/\/www.cc.puv.fi\/~e2502579\/wordpress\/wp-content\/uploads\/2026\/03\/Mail_JoMa_2-1024x683.jpg\" class=\"attachment-large size-large wp-image-4902\" alt=\"Mailattaret kiilassa valmistautumassa otteluun Joensuun Mailaa vastaan.\" srcset=\"https:\/\/www.cc.puv.fi\/~e2502579\/wordpress\/wp-content\/uploads\/2026\/03\/Mail_JoMa_2-1024x683.jpg 1024w, https:\/\/www.cc.puv.fi\/~e2502579\/wordpress\/wp-content\/uploads\/2026\/03\/Mail_JoMa_2-300x200.jpg 300w, https:\/\/www.cc.puv.fi\/~e2502579\/wordpress\/wp-content\/uploads\/2026\/03\/Mail_JoMa_2-768x512.jpg 768w, https:\/\/www.cc.puv.fi\/~e2502579\/wordpress\/wp-content\/uploads\/2026\/03\/Mail_JoMa_2-1536x1025.jpg 1536w, https:\/\/www.cc.puv.fi\/~e2502579\/wordpress\/wp-content\/uploads\/2026\/03\/Mail_JoMa_2.jpg 2000w\" sizes=\"(max-width: 1024px) 100vw, 1024px\" \/>\t\t\t\t\t\t\t\t\t\t\t\t\t\t\t<\/div>\n\t\t\t\t<\/div>\n\t\t\t\t\t<\/div>\n\t\t\t\t<\/div>\n\t\t<div class=\"elementor-element elementor-element-08d0bf2 e-con-full e-flex e-con e-parent\" data-id=\"08d0bf2\" data-element_type=\"container\" data-e-type=\"container\">\n\t\t\t\t<div class=\"elementor-element elementor-element-273ffcb elementor-widget elementor-widget-heading\" data-id=\"273ffcb\" data-element_type=\"widget\" data-e-type=\"widget\" data-widget_type=\"heading.default\">\n\t\t\t\t<div class=\"elementor-widget-container\">\n\t\t\t\t\t<h2 class=\"elementor-heading-title elementor-size-default\">Pelaajat 2026<\/h2>\t\t\t\t<\/div>\n\t\t\t\t<\/div>\n\t\t\t\t<\/div>\n\t\t<div class=\"elementor-element elementor-element-ca1ec6a e-grid e-con-boxed e-con e-parent\" data-id=\"ca1ec6a\" data-element_type=\"container\" data-e-type=\"container\" data-settings=\"{&quot;background_background&quot;:&quot;classic&quot;}\">\n\t\t\t\t\t<div class=\"e-con-inner\">\n\t\t\t\t<div class=\"elementor-element elementor-element-29ae823 emmahudd-popup elementor-widget elementor-widget-image\" data-id=\"29ae823\" data-element_type=\"widget\" data-e-type=\"widget\" data-widget_type=\"image.default\">\n\t\t\t\t<div class=\"elementor-widget-container\">\n\t\t\t\t\t\t\t\t\t\t\t\t<figure class=\"wp-caption\">\n\t\t\t\t\t\t\t\t\t\t\t<a href=\"#popmake-5466\">\n\t\t\t\t\t\t\t<img decoding=\"async\" src=\"https:\/\/www.cc.puv.fi\/~e2502579\/wordpress\/wp-content\/uploads\/elementor\/thumbs\/Hudd-Emma-4-1-1-rmgvaenzjmrajquxj2kth550h907369av8uutgydrk.jpg\" title=\"Hudd Emma 4 (1) (1)\" alt=\"Emma Hudd Mailattaret\" loading=\"lazy\" \/>\t\t\t\t\t\t\t\t<\/a>\n\t\t\t\t\t\t\t\t\t\t\t<figcaption class=\"widget-image-caption wp-caption-text\">Emma Hudd<\/figcaption>\n\t\t\t\t\t\t\t\t\t\t<\/figure>\n\t\t\t\t\t\t\t\t\t<\/div>\n\t\t\t\t<\/div>\n\t\t\t\t<div class=\"elementor-element elementor-element-b45a8ef emmahudd-popup elementor-widget elementor-widget-image\" data-id=\"b45a8ef\" data-element_type=\"widget\" data-e-type=\"widget\" data-widget_type=\"image.default\">\n\t\t\t\t<div class=\"elementor-widget-container\">\n\t\t\t\t\t\t\t\t\t\t\t\t<figure class=\"wp-caption\">\n\t\t\t\t\t\t\t\t\t\t\t<a href=\"#popmake-4892\">\n\t\t\t\t\t\t\t<img decoding=\"async\" src=\"https:\/\/www.cc.puv.fi\/~e2502579\/wordpress\/wp-content\/uploads\/elementor\/thumbs\/Winter-Oona-1-1-rmgv3lc3zvfgdirabmj6wd1pfolea67cxil4k924vk.jpg\" title=\"Winter Oona 1 (1)\" alt=\"Oona Winter Mailattaret\" loading=\"lazy\" \/>\t\t\t\t\t\t\t\t<\/a>\n\t\t\t\t\t\t\t\t\t\t\t<figcaption class=\"widget-image-caption wp-caption-text\">Oona Winter<\/figcaption>\n\t\t\t\t\t\t\t\t\t\t<\/figure>\n\t\t\t\t\t\t\t\t\t<\/div>\n\t\t\t\t<\/div>\n\t\t\t\t<div class=\"elementor-element elementor-element-77d62c4 elementor-widget elementor-widget-image\" data-id=\"77d62c4\" data-element_type=\"widget\" data-e-type=\"widget\" data-widget_type=\"image.default\">\n\t\t\t\t<div class=\"elementor-widget-container\">\n\t\t\t\t\t\t\t\t\t\t\t\t<figure class=\"wp-caption\">\n\t\t\t\t\t\t\t\t\t\t\t<a href=\"#popmake-4875\">\n\t\t\t\t\t\t\t<img decoding=\"async\" src=\"https:\/\/www.cc.puv.fi\/~e2502579\/wordpress\/wp-content\/uploads\/elementor\/thumbs\/Pellikka-Enni-1-1-rmgvbk0vwcbwql6utkgeiupam7cchuthoxk7xn925s.jpg\" title=\"Pellikka Enni 1 (1)\" alt=\"Enni Pellikka Mailattaret\" loading=\"lazy\" \/>\t\t\t\t\t\t\t\t<\/a>\n\t\t\t\t\t\t\t\t\t\t\t<figcaption class=\"widget-image-caption wp-caption-text\">Enni Pellikka<\/figcaption>\n\t\t\t\t\t\t\t\t\t\t<\/figure>\n\t\t\t\t\t\t\t\t\t<\/div>\n\t\t\t\t<\/div>\n\t\t\t\t<div class=\"elementor-element elementor-element-e0c50ad elementor-widget elementor-widget-image\" data-id=\"e0c50ad\" data-element_type=\"widget\" data-e-type=\"widget\" data-widget_type=\"image.default\">\n\t\t\t\t<div class=\"elementor-widget-container\">\n\t\t\t\t\t\t\t\t\t\t\t\t<figure class=\"wp-caption\">\n\t\t\t\t\t\t\t\t\t\t\t<a href=\"#popmake-4880\">\n\t\t\t\t\t\t\t<img decoding=\"async\" src=\"https:\/\/www.cc.puv.fi\/~e2502579\/wordpress\/wp-content\/uploads\/elementor\/thumbs\/Liusvaara-Minna-4-1-rmgvcu2z782yjhbycmd4f12vq31bz0wc79j0g7crow.jpg\" title=\"Liusvaara Minna 4 (1)\" alt=\"Minna Liusvaara Mailattaret\" loading=\"lazy\" \/>\t\t\t\t\t\t\t\t<\/a>\n\t\t\t\t\t\t\t\t\t\t\t<figcaption class=\"widget-image-caption wp-caption-text\">Minna Liusvaara<\/figcaption>\n\t\t\t\t\t\t\t\t\t\t<\/figure>\n\t\t\t\t\t\t\t\t\t<\/div>\n\t\t\t\t<\/div>\n\t\t\t\t<div class=\"elementor-element elementor-element-ab45385 elementor-widget elementor-widget-image\" data-id=\"ab45385\" data-element_type=\"widget\" data-e-type=\"widget\" data-widget_type=\"image.default\">\n\t\t\t\t<div class=\"elementor-widget-container\">\n\t\t\t\t\t\t\t\t\t\t\t\t<figure class=\"wp-caption\">\n\t\t\t\t\t\t\t\t\t\t\t<a href=\"#popmake-4885\">\n\t\t\t\t\t\t\t<img decoding=\"async\" src=\"https:\/\/www.cc.puv.fi\/~e2502579\/wordpress\/wp-content\/uploads\/elementor\/thumbs\/Kinnunen-Oona-5-1-rmgve52woxvanzfoq6ogvp7xfclonw2x1q5ag1f31s.jpg\" title=\"Kinnunen Oona 5 (1)\" alt=\"Oona Kinnunen Mailattaret\" loading=\"lazy\" \/>\t\t\t\t\t\t\t\t<\/a>\n\t\t\t\t\t\t\t\t\t\t\t<figcaption class=\"widget-image-caption wp-caption-text\">Oona Kinnunen<\/figcaption>\n\t\t\t\t\t\t\t\t\t\t<\/figure>\n\t\t\t\t\t\t\t\t\t<\/div>\n\t\t\t\t<\/div>\n\t\t\t\t<div class=\"elementor-element elementor-element-d36dcf2 elementor-widget elementor-widget-image\" data-id=\"d36dcf2\" data-element_type=\"widget\" data-e-type=\"widget\" data-widget_type=\"image.default\">\n\t\t\t\t<div class=\"elementor-widget-container\">\n\t\t\t\t\t\t\t\t\t\t\t\t<figure class=\"wp-caption\">\n\t\t\t\t\t\t\t\t\t\t\t<a href=\"#popmake-5507\">\n\t\t\t\t\t\t\t<img decoding=\"async\" src=\"https:\/\/www.cc.puv.fi\/~e2502579\/wordpress\/wp-content\/uploads\/elementor\/thumbs\/NEEA-MATTILA-1-rmgvfh0odhox43i1y9efwv4fq01ekgd88bf1x5g08g.jpg\" title=\"NEEA MATTILA (1)\" alt=\"Neea Mattila Mailattaret\" loading=\"lazy\" \/>\t\t\t\t\t\t\t\t<\/a>\n\t\t\t\t\t\t\t\t\t\t\t<figcaption class=\"widget-image-caption wp-caption-text\">Neea Mattila<\/figcaption>\n\t\t\t\t\t\t\t\t\t\t<\/figure>\n\t\t\t\t\t\t\t\t\t<\/div>\n\t\t\t\t<\/div>\n\t\t\t\t<div class=\"elementor-element elementor-element-8d87e54 elementor-widget elementor-widget-image\" data-id=\"8d87e54\" data-element_type=\"widget\" data-e-type=\"widget\" data-widget_type=\"image.default\">\n\t\t\t\t<div class=\"elementor-widget-container\">\n\t\t\t\t\t\t\t\t\t\t\t\t<figure class=\"wp-caption\">\n\t\t\t\t\t\t\t\t\t\t\t<a href=\"#popmake-5512\">\n\t\t\t\t\t\t\t<img decoding=\"async\" src=\"https:\/\/www.cc.puv.fi\/~e2502579\/wordpress\/wp-content\/uploads\/elementor\/thumbs\/Jutta-Kuoppala-1-1-rmgvggqjl71tda265ou9jm3yan5coyb1187i5nz1o0.jpg\" title=\"Jutta Kuoppala 1 (1)\" alt=\"Jutta Kuoppala Mailattaret\" loading=\"lazy\" \/>\t\t\t\t\t\t\t\t<\/a>\n\t\t\t\t\t\t\t\t\t\t\t<figcaption class=\"widget-image-caption wp-caption-text\">Jutta Kuoppala<\/figcaption>\n\t\t\t\t\t\t\t\t\t\t<\/figure>\n\t\t\t\t\t\t\t\t\t<\/div>\n\t\t\t\t<\/div>\n\t\t\t\t<div class=\"elementor-element elementor-element-f84acde elementor-widget elementor-widget-image\" data-id=\"f84acde\" data-element_type=\"widget\" data-e-type=\"widget\" data-widget_type=\"image.default\">\n\t\t\t\t<div class=\"elementor-widget-container\">\n\t\t\t\t\t\t\t\t\t\t\t\t<figure class=\"wp-caption\">\n\t\t\t\t\t\t\t\t\t\t\t<a href=\"#popmake-5517\">\n\t\t\t\t\t\t\t<img decoding=\"async\" src=\"https:\/\/www.cc.puv.fi\/~e2502579\/wordpress\/wp-content\/uploads\/elementor\/thumbs\/NIKOLA-LINNEA-1-rmgvhk7rk8juwwgtr5wlgc5b8tqro8nr6nlwbacieo.jpg\" title=\"NIKOLA LINNEA (1)\" alt=\"Linnea Nikola Mailattaret\" loading=\"lazy\" \/>\t\t\t\t\t\t\t\t<\/a>\n\t\t\t\t\t\t\t\t\t\t\t<figcaption class=\"widget-image-caption wp-caption-text\">Linnea Nikola<\/figcaption>\n\t\t\t\t\t\t\t\t\t\t<\/figure>\n\t\t\t\t\t\t\t\t\t<\/div>\n\t\t\t\t<\/div>\n\t\t\t\t<div class=\"elementor-element elementor-element-16dcaa2 elementor-widget elementor-widget-image\" data-id=\"16dcaa2\" data-element_type=\"widget\" data-e-type=\"widget\" data-widget_type=\"image.default\">\n\t\t\t\t<div class=\"elementor-widget-container\">\n\t\t\t\t\t\t\t\t\t\t\t\t<figure class=\"wp-caption\">\n\t\t\t\t\t\t\t\t\t\t\t<a href=\"#popmake-5522\">\n\t\t\t\t\t\t\t<img decoding=\"async\" src=\"https:\/\/www.cc.puv.fi\/~e2502579\/wordpress\/wp-content\/uploads\/elementor\/thumbs\/EMMA-MUSTONEN-1-rmgvii1ye9u6iv3o9kj5y3lwmp3zdce3bb3dl8yc6o.jpg\" title=\"EMMA MUSTONEN (1)\" alt=\"Emma Mustonen Mailattaret\" loading=\"lazy\" \/>\t\t\t\t\t\t\t\t<\/a>\n\t\t\t\t\t\t\t\t\t\t\t<figcaption class=\"widget-image-caption wp-caption-text\">Emma Mustonen<\/figcaption>\n\t\t\t\t\t\t\t\t\t\t<\/figure>\n\t\t\t\t\t\t\t\t\t<\/div>\n\t\t\t\t<\/div>\n\t\t\t\t<div class=\"elementor-element elementor-element-2909662 elementor-widget elementor-widget-image\" data-id=\"2909662\" data-element_type=\"widget\" data-e-type=\"widget\" data-widget_type=\"image.default\">\n\t\t\t\t<div class=\"elementor-widget-container\">\n\t\t\t\t\t\t\t\t\t\t\t\t<figure class=\"wp-caption\">\n\t\t\t\t\t\t\t\t\t\t\t<a href=\"#popmake-5530\">\n\t\t\t\t\t\t\t<img decoding=\"async\" src=\"https:\/\/www.cc.puv.fi\/~e2502579\/wordpress\/wp-content\/uploads\/elementor\/thumbs\/minea3-1-rmgvjjnhzn9nf9l260s8pu4ce3ynx8jcsh6ssbel9s.jpg\" title=\"minea3 (1)\" alt=\"Minea M\u00e4kiviita Mailattaret\" loading=\"lazy\" \/>\t\t\t\t\t\t\t\t<\/a>\n\t\t\t\t\t\t\t\t\t\t\t<figcaption class=\"widget-image-caption wp-caption-text\">Minea M\u00e4kiviita<\/figcaption>\n\t\t\t\t\t\t\t\t\t\t<\/figure>\n\t\t\t\t\t\t\t\t\t<\/div>\n\t\t\t\t<\/div>\n\t\t\t\t<div class=\"elementor-element elementor-element-1b08763 elementor-widget elementor-widget-image\" data-id=\"1b08763\" data-element_type=\"widget\" data-e-type=\"widget\" data-widget_type=\"image.default\">\n\t\t\t\t<div class=\"elementor-widget-container\">\n\t\t\t\t\t\t\t\t\t\t\t\t<figure class=\"wp-caption\">\n\t\t\t\t\t\t\t\t\t\t\t<a href=\"#popmake-5535\">\n\t\t\t\t\t\t\t<img decoding=\"async\" src=\"https:\/\/www.cc.puv.fi\/~e2502579\/wordpress\/wp-content\/uploads\/elementor\/thumbs\/RINTALA_MARI_720x1080-rmgw4bv13rpw4ve8t079ulb98tiu4b1ozchaskl7ow.jpg\" title=\"RINTALA_MARI_720x1080\" alt=\"Mari Rintala Mailattaret\" loading=\"lazy\" \/>\t\t\t\t\t\t\t\t<\/a>\n\t\t\t\t\t\t\t\t\t\t\t<figcaption class=\"widget-image-caption wp-caption-text\">Mari Rintala<\/figcaption>\n\t\t\t\t\t\t\t\t\t\t<\/figure>\n\t\t\t\t\t\t\t\t\t<\/div>\n\t\t\t\t<\/div>\n\t\t\t\t<div class=\"elementor-element elementor-element-7e15cd1 elementor-widget elementor-widget-image\" data-id=\"7e15cd1\" data-element_type=\"widget\" data-e-type=\"widget\" data-widget_type=\"image.default\">\n\t\t\t\t<div class=\"elementor-widget-container\">\n\t\t\t\t\t\t\t\t\t\t\t\t<figure class=\"wp-caption\">\n\t\t\t\t\t\t\t\t\t\t\t<a href=\"#popmake-5540\">\n\t\t\t\t\t\t\t<img decoding=\"async\" src=\"https:\/\/www.cc.puv.fi\/~e2502579\/wordpress\/wp-content\/uploads\/elementor\/thumbs\/Sivonen_Marianne_2024-3-1-rmgvm4pis8t1cntw2n0b2omz798039ss59rvapkm5s.jpg\" title=\"Sivonen_Marianne_2024 (3) (1)\" alt=\"Marianne Sivonen\" loading=\"lazy\" \/>\t\t\t\t\t\t\t\t<\/a>\n\t\t\t\t\t\t\t\t\t\t\t<figcaption class=\"widget-image-caption wp-caption-text\">Marianne Sivonen<\/figcaption>\n\t\t\t\t\t\t\t\t\t\t<\/figure>\n\t\t\t\t\t\t\t\t\t<\/div>\n\t\t\t\t<\/div>\n\t\t\t\t<div class=\"elementor-element elementor-element-341e387 elementor-widget elementor-widget-image\" data-id=\"341e387\" data-element_type=\"widget\" data-e-type=\"widget\" data-widget_type=\"image.default\">\n\t\t\t\t<div class=\"elementor-widget-container\">\n\t\t\t\t\t\t\t\t\t\t\t\t<figure class=\"wp-caption\">\n\t\t\t\t\t\t\t\t\t\t\t<a href=\"#popmake-5545\">\n\t\t\t\t\t\t\t<img decoding=\"async\" src=\"https:\/\/www.cc.puv.fi\/~e2502579\/wordpress\/wp-content\/uploads\/elementor\/thumbs\/vaisto_1-1-rmgvn3hjt44na8fdfk1i4xv16igl02mum1wu1y51rk.jpg\" title=\"vaisto_1 (1)\" alt=\"Milla V\u00e4ist\u00f6 Mailattaret\" loading=\"lazy\" \/>\t\t\t\t\t\t\t\t<\/a>\n\t\t\t\t\t\t\t\t\t\t\t<figcaption class=\"widget-image-caption wp-caption-text\">Milla V\u00e4ist\u00f6<\/figcaption>\n\t\t\t\t\t\t\t\t\t\t<\/figure>\n\t\t\t\t\t\t\t\t\t<\/div>\n\t\t\t\t<\/div>\n\t\t\t\t<div class=\"elementor-element elementor-element-378ce74 elementor-widget elementor-widget-image\" data-id=\"378ce74\" data-element_type=\"widget\" data-e-type=\"widget\" data-widget_type=\"image.default\">\n\t\t\t\t<div class=\"elementor-widget-container\">\n\t\t\t\t\t\t\t\t\t\t\t\t<figure class=\"wp-caption\">\n\t\t\t\t\t\t\t\t\t\t\t<a href=\"#popmake-5554\">\n\t\t\t\t\t\t\t<img decoding=\"async\" src=\"https:\/\/www.cc.puv.fi\/~e2502579\/wordpress\/wp-content\/uploads\/elementor\/thumbs\/Laura-Hevonkoski-rmde4gudaulxwba6un6a6rorwb433497xcd3zveqn2.webp\" title=\"Laura Hevonkoski\" alt=\"Laura Hevonkoski Mailattaret pelaajakortti\" loading=\"lazy\" \/>\t\t\t\t\t\t\t\t<\/a>\n\t\t\t\t\t\t\t\t\t\t\t<figcaption class=\"widget-image-caption wp-caption-text\">Laura Hevonkoski<\/figcaption>\n\t\t\t\t\t\t\t\t\t\t<\/figure>\n\t\t\t\t\t\t\t\t\t<\/div>\n\t\t\t\t<\/div>\n\t\t\t\t\t<\/div>\n\t\t\t\t<\/div>\n\t\t<div class=\"elementor-element elementor-element-570be83 e-con-full e-flex e-con e-parent\" data-id=\"570be83\" data-element_type=\"container\" data-e-type=\"container\">\n\t\t\t\t<div class=\"elementor-element elementor-element-d221a08 elementor-widget elementor-widget-heading\" data-id=\"d221a08\" data-element_type=\"widget\" data-e-type=\"widget\" data-widget_type=\"heading.default\">\n\t\t\t\t<div class=\"elementor-widget-container\">\n\t\t\t\t\t<h2 class=\"elementor-heading-title elementor-size-default\">Pelinjohto ja toimihenkil\u00f6t<\/h2>\t\t\t\t<\/div>\n\t\t\t\t<\/div>\n\t\t\t\t<\/div>\n\t\t<div class=\"elementor-element elementor-element-d28dbf5 e-grid e-con-full e-con e-parent\" data-id=\"d28dbf5\" data-element_type=\"container\" data-e-type=\"container\">\n\t\t\t\t<div class=\"elementor-element elementor-element-cc6646c elementor-widget elementor-widget-image\" data-id=\"cc6646c\" data-element_type=\"widget\" data-e-type=\"widget\" data-widget_type=\"image.default\">\n\t\t\t\t<div class=\"elementor-widget-container\">\n\t\t\t\t\t\t\t\t\t\t\t\t<figure class=\"wp-caption\">\n\t\t\t\t\t\t\t\t\t\t<img decoding=\"async\" src=\"https:\/\/www.cc.puv.fi\/~e2502579\/wordpress\/wp-content\/uploads\/2026\/03\/placeholder.webp\" title=\"placeholder\" alt=\"placeholder\" loading=\"lazy\" \/>\t\t\t\t\t\t\t\t\t\t\t<figcaption class=\"widget-image-caption wp-caption-text\">1. Pelinjohtaja | Mikael Sillanp\u00e4\u00e4<\/figcaption>\n\t\t\t\t\t\t\t\t\t\t<\/figure>\n\t\t\t\t\t\t\t\t\t<\/div>\n\t\t\t\t<\/div>\n\t\t\t\t<div class=\"elementor-element elementor-element-d5dfe4c elementor-widget elementor-widget-image\" data-id=\"d5dfe4c\" data-element_type=\"widget\" data-e-type=\"widget\" data-widget_type=\"image.default\">\n\t\t\t\t<div class=\"elementor-widget-container\">\n\t\t\t\t\t\t\t\t\t\t\t\t<figure class=\"wp-caption\">\n\t\t\t\t\t\t\t\t\t\t<img decoding=\"async\" src=\"https:\/\/www.cc.puv.fi\/~e2502579\/wordpress\/wp-content\/uploads\/2026\/03\/Pelinjohtaja-Harju-Jussi-3.jpg\" title=\"Pelinjohtaja Harju Jussi 3\" alt=\"Jussi Harju Mailattaret\" loading=\"lazy\" \/>\t\t\t\t\t\t\t\t\t\t\t<figcaption class=\"widget-image-caption wp-caption-text\">2. Pelinjohtaja | Jussi Harju<\/figcaption>\n\t\t\t\t\t\t\t\t\t\t<\/figure>\n\t\t\t\t\t\t\t\t\t<\/div>\n\t\t\t\t<\/div>\n\t\t\t\t<div class=\"elementor-element elementor-element-09c29f0 elementor-widget elementor-widget-image\" data-id=\"09c29f0\" data-element_type=\"widget\" data-e-type=\"widget\" data-widget_type=\"image.default\">\n\t\t\t\t<div class=\"elementor-widget-container\">\n\t\t\t\t\t\t\t\t\t\t\t\t<figure class=\"wp-caption\">\n\t\t\t\t\t\t\t\t\t\t<img decoding=\"async\" src=\"https:\/\/www.cc.puv.fi\/~e2502579\/wordpress\/wp-content\/uploads\/2026\/03\/jukkahavulehto.png\" title=\"jukkahavulehto\" alt=\"Jukka Havulehto Mailattaret\" loading=\"lazy\" \/>\t\t\t\t\t\t\t\t\t\t\t<figcaption class=\"widget-image-caption wp-caption-text\">Urheilumanageri | Jukka Havulehto<\/figcaption>\n\t\t\t\t\t\t\t\t\t\t<\/figure>\n\t\t\t\t\t\t\t\t\t<\/div>\n\t\t\t\t<\/div>\n\t\t\t\t<\/div>\n\t\t<div class=\"elementor-element elementor-element-d65ae15 e-flex e-con-boxed e-con e-parent\" data-id=\"d65ae15\" data-element_type=\"container\" data-e-type=\"container\">\n\t\t\t\t\t<div class=\"e-con-inner\">\n\t\t\t\t<div class=\"elementor-element elementor-element-1d26a3e elementor-widget elementor-widget-html\" data-id=\"1d26a3e\" data-element_type=\"widget\" data-e-type=\"widget\" data-widget_type=\"html.default\">\n\t\t\t\t<div class=\"elementor-widget-container\">\n\t\t\t\t\t<script>\r\ndocument.addEventListener(\"DOMContentLoaded\", function() {\r\n    \/\/ 1. Jos ollaan muokkaustilassa, lopetetaan heti\r\n    if (document.body.classList.contains('elementor-editor-active')) return;\r\n\r\n    const sections = document.querySelectorAll('.elementor-section, .e-con');\r\n    \r\n    \/\/ 2. Luodaan tarkkailija\r\n    const observer = new IntersectionObserver((entries) => {\r\n        entries.forEach(entry => {\r\n            if (entry.isIntersecting) {\r\n                entry.target.classList.add('is-visible');\r\n            }\r\n        });\r\n    }, { \r\n        threshold: 0.05,\r\n        rootMargin: \"0px 0px -50px 0px\" \r\n    });\r\n\r\n    \/\/ 3. K\u00e4yd\u00e4\u00e4n osiot l\u00e4pi\r\n    sections.forEach((section, index) => {\r\n        \/\/ J\u00e4tet\u00e4\u00e4n ensimm\u00e4inen osio (Hero) kokonaan animaation ulkopuolelle\r\n        if (index === 0) {\r\n            section.classList.add('is-visible');\r\n            return;\r\n        }\r\n\r\n        \/\/ Lis\u00e4t\u00e4\u00e4n animaatioluokka ja aloitetaan tarkkailu\r\n        section.classList.add('scroll-valmis');\r\n        observer.observe(section);\r\n    });\r\n});\r\n<\/script>\t\t\t\t<\/div>\n\t\t\t\t<\/div>\n\t\t\t\t\t<\/div>\n\t\t\t\t<\/div>\n\t\t\t\t<\/div>\n\t\t","protected":false},"excerpt":{"rendered":"<p>SUPERPESIS Pelaajat 2026 Emma Hudd Oona Winter Enni Pellikka Minna Liusvaara Oona Kinnunen Neea Mattila Jutta Kuoppala Linnea Nikola Emma [&hellip;]<\/p>\n","protected":false},"author":3,"featured_media":0,"parent":0,"menu_order":0,"comment_status":"closed","ping_status":"closed","template":"","meta":{"site-sidebar-layout":"no-sidebar","site-content-layout":"","ast-site-content-layout":"full-width-container","site-content-style":"default","site-sidebar-style":"default","ast-global-header-display":"","ast-banner-title-visibility":"","ast-main-header-display":"","ast-hfb-above-header-display":"","ast-hfb-below-header-display":"","ast-hfb-mobile-header-display":"","site-post-title":"","ast-breadcrumbs-content":"","ast-featured-img":"","footer-sml-layout":"","ast-disable-related-posts":"","theme-transparent-header-meta":"","adv-header-id-meta":"","stick-header-meta":"","header-above-stick-meta":"","header-main-stick-meta":"","header-below-stick-meta":"","astra-migrate-meta-layouts":"default","ast-page-background-enabled":"default","ast-page-background-meta":{"desktop":{"background-color":"var(--ast-global-color-4)","background-image":"","background-repeat":"repeat","background-position":"center center","background-size":"auto","background-attachment":"scroll","background-type":"","background-media":"","overlay-type":"","overlay-color":"","overlay-opacity":"","overlay-gradient":""},"tablet":{"background-color":"","background-image":"","background-repeat":"repeat","background-position":"center center","background-size":"auto","background-attachment":"scroll","background-type":"","background-media":"","overlay-type":"","overlay-color":"","overlay-opacity":"","overlay-gradient":""},"mobile":{"background-color":"","background-image":"","background-repeat":"repeat","background-position":"center center","background-size":"auto","background-attachment":"scroll","background-type":"","background-media":"","overlay-type":"","overlay-color":"","overlay-opacity":"","overlay-gradient":""}},"ast-content-background-meta":{"desktop":{"background-color":"var(--ast-global-color-5)","background-image":"","background-repeat":"repeat","background-position":"center center","background-size":"auto","background-attachment":"scroll","background-type":"","background-media":"","overlay-type":"","overlay-color":"","overlay-opacity":"","overlay-gradient":""},"tablet":{"background-color":"var(--ast-global-color-5)","background-image":"","background-repeat":"repeat","background-position":"center center","background-size":"auto","background-attachment":"scroll","background-type":"","background-media":"","overlay-type":"","overlay-color":"","overlay-opacity":"","overlay-gradient":""},"mobile":{"background-color":"var(--ast-global-color-5)","background-image":"","background-repeat":"repeat","background-position":"center center","background-size":"auto","background-attachment":"scroll","background-type":"","background-media":"","overlay-type":"","overlay-color":"","overlay-opacity":"","overlay-gradient":""}},"footnotes":""},"class_list":["post-4701","page","type-page","status-publish","hentry"],"_links":{"self":[{"href":"https:\/\/www.cc.puv.fi\/~e2502579\/wordpress\/wp-json\/wp\/v2\/pages\/4701","targetHints":{"allow":["GET"]}}],"collection":[{"href":"https:\/\/www.cc.puv.fi\/~e2502579\/wordpress\/wp-json\/wp\/v2\/pages"}],"about":[{"href":"https:\/\/www.cc.puv.fi\/~e2502579\/wordpress\/wp-json\/wp\/v2\/types\/page"}],"author":[{"embeddable":true,"href":"https:\/\/www.cc.puv.fi\/~e2502579\/wordpress\/wp-json\/wp\/v2\/users\/3"}],"replies":[{"embeddable":true,"href":"https:\/\/www.cc.puv.fi\/~e2502579\/wordpress\/wp-json\/wp\/v2\/comments?post=4701"}],"version-history":[{"count":317,"href":"https:\/\/www.cc.puv.fi\/~e2502579\/wordpress\/wp-json\/wp\/v2\/pages\/4701\/revisions"}],"predecessor-version":[{"id":9370,"href":"https:\/\/www.cc.puv.fi\/~e2502579\/wordpress\/wp-json\/wp\/v2\/pages\/4701\/revisions\/9370"}],"wp:attachment":[{"href":"https:\/\/www.cc.puv.fi\/~e2502579\/wordpress\/wp-json\/wp\/v2\/media?parent=4701"}],"curies":[{"name":"wp","href":"https:\/\/api.w.org\/{rel}","templated":true}]}}